{"id":329,"date":"2016-02-22T16:22:41","date_gmt":"2016-02-22T15:22:41","guid":{"rendered":"http:\/\/www.fewovermittlungkoeln.de\/content\/?page_id=329"},"modified":"2018-02-07T10:14:11","modified_gmt":"2018-02-07T09:14:11","slug":"agb","status":"publish","type":"page","link":"https:\/\/www.fewovermittlungkoeln.de\/content\/agb\/","title":{"rendered":"AGB"},"content":{"rendered":"<h1>Allgemeine Gesch\u00e4ftsbedingungen<\/h1>\n<p>Die fewovermittlungkoeln.de vermietet m\u00f6blierte Wohnungen im K\u00f6lner Stadtgebiet und Umgebung auf Zeit f\u00fcr eigene Rechnung und im Namen und f\u00fcr Rechnung von Dritten. Im Folgenden bezeichnet \u201eVermieter\u201c daher zum einen die fewovermittlungkoeln.de oder den Eigent\u00fcmer der jeweiligen Wohnung.<\/p>\n<p>&nbsp;<\/p>\n<h4>1. Verbindliche Buchung \/ Mietvertrag<\/h4>\n<p>Eine verbindliche Buchung in Form eines Mietvertrages kommt zustande, wenn die Wohnung vom Mieter bestellt und vom Vermieter best\u00e4tigt wurde. Die Bestellung und Buchungsbest\u00e4tigung erfolgt dabei schriftlich per E-Mail. Nach erfolgter Buchung wird in der Regel eine Anzahlung in H\u00f6he von 20% des Gesamtbetrages sofort f\u00e4llig. Der verbleibende Betrag muss entweder sp\u00e4testens 3 Tage vor Mietbeginn per \u00dcberweisung eingegangen sein, oder in bar bei Wohnungs\u00fcbergabe beglichen werden.<\/p>\n<p>Der Mietvertrag ist bindend und verpflichtet Mieter und Vermieter zur Einhaltung. Der Mietvertrag kommt nur zwischen den genannten Vertragsparteien zu Stande. Mieter und Schuldner der Miete ist dabei immer der Adressat der Buchungsbest\u00e4tigung. Die weitere Untervermietung seitens des Mieters an fremde Dritte ist ausdr\u00fccklich untersagt.<\/p>\n<p>&nbsp;<\/p>\n<h4>2. Anreise \/ Abreise<\/h4>\n<p>Grunds\u00e4tzlich ist der Einzug am Anreisetag ab 15:00 Uhr m\u00f6glich. Der Auszug am Abreisetag hat bis 11:00 Uhr zu erfolgen. Abweichungen hiervon sind in Ausnahmef\u00e4llen und nach Absprache m\u00f6glich, sofern es die vorhergehende und nachfolgende Belegung einer Wohnung zul\u00e4sst. Bei einer Anreise sp\u00e4ter als 22:00 Uhr f\u00e4llt eine Sp\u00e4tanreisegeb\u00fchr von 35 Euro an.<\/p>\n<p>&nbsp;<\/p>\n<h4>3. Stornierung der Buchung<\/h4>\n<p>Eine kostenfreie Stornierung der Buchung seitens des Mieters ist bis drei Monate vor Beginn des Mietzeitraumes m\u00f6glich. Eine eventuelle Anzahlung wird in diesem Fall erstattet.<\/p>\n<p>Bei Stornierung von weniger als drei Monaten bis vier Wochen vor Beginn des Mietzeitraumes f\u00e4llt eine Stornogeb\u00fchr in H\u00f6he von 20% des Gesamtbetrages (in der Regel die geleistete Anzahlung) an.<\/p>\n<p>Bei Stornierung von weniger als vier Wochen bis zu zwei Wochen vor Beginn des Mietzeitraumes liegt die Stornogeb\u00fchr bei 50% des Gesamtpreises.<\/p>\n<p>Wird die Buchung in weniger als zwei Wochen vor Beginn des Mietzeitraumes storniert, wird der Gesamtpreis als Stornogeb\u00fchr f\u00e4llig.<\/p>\n<p>Kann die Wohnung nach einer Stornierung von weniger als 4 Wochen vor Beginn des Mietzeitraumes wieder erfolgreich an einen neuen Mieter vermietet werden, so reduziert sich die Stornogeb\u00fchr auf 20% des Gesamtpreises.<\/p>\n<p>Reist der Mieter sp\u00e4ter an oder fr\u00fcher ab oder wird die Wohnung mit weniger Personen belegt als dies vereinbart war, so f\u00e4llt dennoch der volle vereinbarte Mietpreis an.<\/p>\n<p>Der Vermieter beh\u00e4lt sich vor, die Buchung aufgrund von nicht durch ihn zu vertretenden Umst\u00e4nden (z.B. Unbewohnbarkeit durch einen Schaden) oder anderen wichtigen Gr\u00fcnden jederzeit zu stornieren oder auf eine gleichwertige Wohnung umzubuchen.<\/p>\n<p>&nbsp;<\/p>\n<h4>4. Verwendung der Wohnungen<\/h4>\n<p>Die vom Mieter angemietete Wohnung darf nur zu Wohnzwecken genutzt werden. Andere Verwendungen, insbesondere das Feiern von Festen und Parties, ist ausdr\u00fccklich untersagt. Der Mieter ist verpflichtet sich an die jeweilige Hausordnung zu halten.<\/p>\n<p>&nbsp;<\/p>\n<h4>5. Vom Mieter verursachte Sch\u00e4den<\/h4>\n<p>Ist in der angemieteten Wohnung ein Schaden entstanden, der durch den Mieter verursacht wurde, kommt in der Regel eine Haftpflichtversicherung des Mieters daf\u00fcr auf. Sollte der Mieter \u00fcber keine Haftpflichtversicherung verf\u00fcgen, kommt er pers\u00f6nlich f\u00fcr den entstandenen Schaden auf. Der Mieter haftet gegen\u00fcber der fewovermittlungkoeln.de bzw. dem jeweiligen Vermieter f\u00fcr alle ihn begleitenden Personen. Es kann vorab eine Kaution verpflichtend gefordert werden, um die erwarteten Kosten zur Behebung des Schadens abzusichern.<\/p>\n<p>&nbsp;<\/p>\n<h4>6. Zugang aus wichtigem Grund<\/h4>\n<p>Der Vermieter kann die Wohnung nach Absprache mit dem Mieter jederzeit auch in Abwesenheit des Mieters betreten oder hierf\u00fcr Dritte zur Ausf\u00fchrung von Arbeiten beauftragen.<\/p>\n<p>Liegt ein besonders wichtiger Grund vor, beispielsweise zur Abwendung einer Gefahr f\u00fcr die Wohnung, beh\u00e4lt sich der Vermieter das Recht vor, auch ohne vorherige Absprache mit dem Mieter die Wohnung zu betreten.<\/p>\n<p>&nbsp;<\/p>\n<h4>7. Datenschutz<\/h4>\n<p>Personengebundene Daten des oder der Mieter werden nur im Rahmen der gesetzlichen Vorschriften des Bundesdatenschutzgesetzes (BDSG) sowie des Teledienstedatenschutzgesetzes (TDDSG) erhoben. Sie werden Dritten nur insoweit zug\u00e4nglich gemacht, als dies zur Abwicklung der Vermietung notwendig ist.<\/p>\n","protected":false},"excerpt":{"rendered":"<p>Allgemeine Gesch\u00e4ftsbedingungen Die fewovermittlungkoeln.de vermietet m\u00f6blierte Wohnungen im K\u00f6lner Stadtgebiet und Umgebung auf Zeit f\u00fcr eigene Rechnung und im Namen und f\u00fcr Rechnung von Dritten. Im Folgenden bezeichnet \u201eVermieter\u201c daher zum einen die fewovermittlungkoeln.de oder den Eigent\u00fcmer der jeweiligen Wohnung. &nbsp; 1. Verbindliche Buchung \/ Mietvertrag Eine verbindliche Buchung in Form eines Mietvertrages kommt zustande,<\/p>\n","protected":false},"author":1,"featured_media":0,"parent":0,"menu_order":0,"comment_status":"closed","ping_status":"closed","template":"fullwidth.php","meta":[],"_links":{"self":[{"href":"https:\/\/www.fewovermittlungkoeln.de\/content\/wp-json\/wp\/v2\/pages\/329"}],"collection":[{"href":"https:\/\/www.fewovermittlungkoeln.de\/content\/wp-json\/wp\/v2\/pages"}],"about":[{"href":"https:\/\/www.fewovermittlungkoeln.de\/content\/wp-json\/wp\/v2\/types\/page"}],"author":[{"embeddable":true,"href":"https:\/\/www.fewovermittlungkoeln.de\/content\/wp-json\/wp\/v2\/users\/1"}],"replies":[{"embeddable":true,"href":"https:\/\/www.fewovermittlungkoeln.de\/content\/wp-json\/wp\/v2\/comments?post=329"}],"version-history":[{"count":10,"href":"https:\/\/www.fewovermittlungkoeln.de\/content\/wp-json\/wp\/v2\/pages\/329\/revisions"}],"predecessor-version":[{"id":1741,"href":"https:\/\/www.fewovermittlungkoeln.de\/content\/wp-json\/wp\/v2\/pages\/329\/revisions\/1741"}],"wp:attachment":[{"href":"https:\/\/www.fewovermittlungkoeln.de\/content\/wp-json\/wp\/v2\/media?parent=329"}],"curies":[{"name":"wp","href":"https:\/\/api.w.org\/{rel}","templated":true}]}}